{"id":2259,"date":"2023-11-28T21:26:59","date_gmt":"2023-11-28T21:26:59","guid":{"rendered":"https:\/\/ellingtonbag.com\/?page_id=2259"},"modified":"2023-12-10T19:13:25","modified_gmt":"2023-12-10T19:13:25","slug":"privacy","status":"publish","type":"page","link":"https:\/\/ellingtonbag.com\/en\/privacy\/","title":{"rendered":"Privacy"},"content":{"rendered":"\t\t<div data-elementor-type=\"wp-page\" data-elementor-id=\"2259\" class=\"elementor elementor-2259 elementor-2173\" data-elementor-post-type=\"page\">\n\t\t\t\t\t\t<section class=\"elementor-section elementor-top-section elementor-element elementor-element-46b70245 elementor-section-boxed elementor-section-height-default elementor-section-height-default\" data-id=\"46b70245\" data-element_type=\"section\">\n\t\t\t\t\t\t<div class=\"elementor-container elementor-column-gap-default\">\n\t\t\t\t\t<div class=\"elementor-column elementor-col-100 elementor-top-column elementor-element elementor-element-4087768e\" data-id=\"4087768e\" data-element_type=\"column\">\n\t\t\t<div class=\"elementor-widget-wrap elementor-element-populated\">\n\t\t\t\t\t\t<div class=\"elementor-element elementor-element-1d97a43b elementor-widget elementor-widget-text-editor\" data-id=\"1d97a43b\" data-element_type=\"widget\" data-widget_type=\"text-editor.default\">\n\t\t\t\t<div class=\"elementor-widget-container\">\n\t\t\t\t\t\t\t\t\t<p><\/p>\n<div id=\"contract\" class=\"DCS\">\n<div id=\"outputPage\">\n<div class=\"outputVersion1\" data-exp=\"simple2\">\n<div class=\" header\"><br><\/div>\n<div>\n<p style=\"text-align: center;\">\n<\/p><p><strong>POLITIQUE DE CONFIDENTIALIT\u00c9<\/strong><\/p>\n<p><strong>ellingtonbag.com<\/strong><br>Claire Ellington<\/p>\n<p>Type de site&nbsp;: e-commerce<\/p>\n<\/div>\n<div>\n<h3 style=\"text-align: left;\"><strong><u>Le but de cette politique de confidentialit\u00e9 <\/u><\/strong><\/h3>\n<p>Le but de cette politique de confidentialit\u00e9 est d&#8217;informer les utilisateurs de notre site des donn\u00e9es personnelles que nous recueillerons ainsi que les informations suivantes, le cas \u00e9ch\u00e9ant :<\/p>\n<ol class=\" list-style-type-lower-alpha\" style=\"list-style: lower-alpha;\" start=\"1\">\n<li style=\"margin-bottom: 18.0pt;\" value=\"1\">Les donn\u00e9es personnelles que nous recueillerons<\/li>\n<li style=\"margin-bottom: 18.0pt;\" value=\"2\">L\u2019utilisation des donn\u00e9es recueillies<\/li>\n<li style=\"margin-bottom: 18.0pt;\" value=\"3\">Qui a acc\u00e8s aux donn\u00e9es recueillies<\/li>\n<li style=\"margin-bottom: 18.0pt;\" value=\"4\">Les droits des utilisateurs du site<\/li>\n<li style=\"margin-bottom: 0.0pt;\" value=\"5\">La politique de cookies du site<\/li>\n<\/ol>\n<p style=\"text-align: left;\">Cette politique de confidentialit\u00e9 fonctionne parall\u00e8lement aux conditions g\u00e9n\u00e9rales d\u2019utilisation de notre site.<\/p>\n<\/div>\n<div>\n<h3 style=\"text-align: left;\"><strong><u>Lois applicables<\/u><\/strong><\/h3>\n<p style=\"text-align: left;\">Conform\u00e9ment au <em>R\u00e8glement g\u00e9n\u00e9ral sur la protection des donn\u00e9es<\/em> (RGPD), cette politique de confidentialit\u00e9 est conforme aux r\u00e8glements suivants.<\/p>\n<p>Les donn\u00e9es \u00e0 caract\u00e8re personnel doivent \u00eatre :<\/p>\n<ol class=\" list-style-type-lower-alpha\" style=\"list-style: lower-alpha;\" start=\"1\">\n<li style=\"margin-bottom: 18.0pt;\" value=\"1\">trait\u00e9es de mani\u00e8re licite, loyale et transparente au regard de la personne concern\u00e9e (lic\u00e9it\u00e9, loyaut\u00e9, transparence) ;<\/li>\n<li style=\"margin-bottom: 18.0pt;\" value=\"2\">collect\u00e9es pour des finalit\u00e9s d\u00e9termin\u00e9es, explicites et l\u00e9gitimes, et ne pas \u00eatre trait\u00e9es ult\u00e9rieurement d&#8217;une mani\u00e8re incompatible avec ces finalit\u00e9s; le traitement ult\u00e9rieur \u00e0 des fins archivistiques dans l&#8217;int\u00e9r\u00eat public, \u00e0 des fins de recherche scientifique ou historique ou \u00e0 des fins statistiques n&#8217;est pas consid\u00e9r\u00e9, conform\u00e9ment \u00e0 l&#8217;article 89, paragraphe 1, comme incompatible avec les finalit\u00e9s initiales (limitation des finalit\u00e9s) ;<\/li>\n<li style=\"margin-bottom: 18.0pt;\" value=\"3\">ad\u00e9quates, pertinentes et limit\u00e9es \u00e0 ce qui est n\u00e9cessaire au regard des finalit\u00e9s pour lesquelles elles sont trait\u00e9es (minimisation des donn\u00e9es) ;<\/li>\n<li style=\"margin-bottom: 18.0pt;\" value=\"4\">exactes et, si n\u00e9cessaire, tenues \u00e0 jour; toutes les mesures raisonnables doivent \u00eatre prises pour que les donn\u00e9es \u00e0 caract\u00e8re personnel qui sont inexactes, eu \u00e9gard aux finalit\u00e9s pour lesquelles elles sont trait\u00e9es, soient effac\u00e9es ou rectifi\u00e9es sans tarder (exactitude) ;<\/li>\n<li style=\"margin-bottom: 18.0pt;\" value=\"5\">conserv\u00e9es sous une forme permettant l&#8217;identification des personnes concern\u00e9es pendant une dur\u00e9e n&#8217;exc\u00e9dant pas celle n\u00e9cessaire au regard des finalit\u00e9s pour lesquelles elles sont trait\u00e9es; les donn\u00e9es \u00e0 caract\u00e8re personnel peuvent \u00eatre conserv\u00e9es pour des dur\u00e9es plus longues dans la mesure o\u00f9 elles seront trait\u00e9es exclusivement \u00e0 des fins archivistiques dans l&#8217;int\u00e9r\u00eat public, \u00e0 des fins de recherche scientifique ou historique ou \u00e0 des fins statistiques conform\u00e9ment \u00e0 l&#8217;article 89, paragraphe 1, pour autant que soient mises en \u0153uvre les mesures techniques et organisationnelles appropri\u00e9es requises par le r\u00e8glement afin de garantir les droits et libert\u00e9s de la personne concern\u00e9e (limitation de la conservation) ;<\/li>\n<li style=\"margin-bottom: 0.0pt;\" value=\"6\">trait\u00e9es de fa\u00e7on \u00e0 garantir une s\u00e9curit\u00e9 appropri\u00e9e des donn\u00e9es \u00e0 caract\u00e8re personnel, y compris la protection contre le traitement non autoris\u00e9 ou illicite et contre la perte, la destruction ou les d\u00e9g\u00e2ts d&#8217;origine accidentelle, \u00e0 l&#8217;aide de mesures techniques ou organisationnelles appropri\u00e9es (int\u00e9grit\u00e9 et confidentialit\u00e9).\n<\/li>\n<\/ol>\n<p style=\"text-align: left;\">Le traitement n&#8217;est licite que si, et dans la mesure o\u00f9, au moins une des conditions suivantes est remplie :<\/p>\n<ol class=\" list-style-type-lower-alpha\" style=\"list-style: lower-alpha;\" start=\"1\">\n<li style=\"margin-bottom: 18.0pt;\" value=\"1\">la personne concern\u00e9e a consenti au traitement de ses donn\u00e9es \u00e0 caract\u00e8re personnel pour une ou plusieurs finalit\u00e9s sp\u00e9cifiques ;<\/li>\n<li style=\"margin-bottom: 18.0pt;\" value=\"2\">le traitement est n\u00e9cessaire \u00e0 l&#8217;ex\u00e9cution d&#8217;un contrat auquel la personne concern\u00e9e est partie ou \u00e0 l&#8217;ex\u00e9cution de mesures pr\u00e9contractuelles prises \u00e0 la demande de celle-ci ;<\/li>\n<li style=\"margin-bottom: 18.0pt;\" value=\"3\">le traitement est n\u00e9cessaire au respect d&#8217;une obligation l\u00e9gale \u00e0 laquelle le responsable du traitement est soumis ;<\/li>\n<li style=\"margin-bottom: 18.0pt;\" value=\"4\">le traitement est n\u00e9cessaire \u00e0 la sauvegarde des int\u00e9r\u00eats vitaux de la personne concern\u00e9e ou d&#8217;une autre personne physique ;<\/li>\n<li style=\"margin-bottom: 18.0pt;\" value=\"5\">le traitement est n\u00e9cessaire \u00e0 l&#8217;ex\u00e9cution d&#8217;une mission d&#8217;int\u00e9r\u00eat public ou relevant de l&#8217;exercice de l&#8217;autorit\u00e9 publique dont est investi le responsable du traitement ;<\/li>\n<li style=\"margin-bottom: 0.0pt;\" value=\"6\">le traitement est n\u00e9cessaire aux fins des int\u00e9r\u00eats l\u00e9gitimes poursuivis par le responsable du traitement ou par un tiers, \u00e0 moins que ne pr\u00e9valent les int\u00e9r\u00eats ou les libert\u00e9s et droits fondamentaux de la personne concern\u00e9e qui exigent une protection des donn\u00e9es \u00e0 caract\u00e8re personnel, notamment lorsque la personne concern\u00e9e est un enfant.<\/li>\n<\/ol>\n<p style=\"text-align: left;\">Pour les r\u00e9sidents de l\u2019\u00c9tat de Californie, cette politique de confidentialit\u00e9 vise \u00e0 se conformer \u00e0 la <em>California Consumer Privacy Act (CCPA)<\/em>. S\u2019il y a des incoh\u00e9rences entre ce document et la <em>CCPA<\/em>, la l\u00e9gislation de l\u2019\u00c9tat s\u2019appliquera. Si nous constatons des incoh\u00e9rences, nous modifierons notre politique pour nous conformer \u00e0 la loi pertinente.<\/p>\n<\/div>\n<div>\n<h3 style=\"text-align: left;\"><strong><u>Consentement<\/u><\/strong><\/h3>\n<p>Les utilisateurs conviennent qu\u2019en utilisant notre site, ils consentent \u00e0 :<\/p>\n<ol class=\" list-style-type-lower-alpha\" style=\"list-style: lower-alpha;\" start=\"1\">\n<li style=\"margin-bottom: 18.0pt;\" value=\"1\">les conditions \u00e9nonc\u00e9es dans la pr\u00e9sente politique de confidentialit\u00e9 et<\/li>\n<li style=\"margin-bottom: 0.0pt;\" value=\"2\">la collecte, l\u2019utilisation et la conservation des donn\u00e9es \u00e9num\u00e9r\u00e9es dans la pr\u00e9sente politique.<br><br><\/li>\n<\/ol>\n<\/div>\n<div>\n<h3 style=\"text-align: left;\"><strong><u>Donn\u00e9es personnelles que nous collectons<\/u><\/strong><\/h3>\n<div>\n<div>\n<p style=\"text-align: left;\"><strong>D<i>onn\u00e9es collect\u00e9es automatiquement<\/i><\/strong><\/p>\n<p style=\"text-align: left;\">Lorsque vous visitez et utilisez notre site, nous pouvons automatiquement recueillir et conserver les renseignements suivants :<\/p>\n<ol class=\" list-style-type-lower-alpha\" style=\"list-style: lower-alpha;\" start=\"1\">\n<li style=\"margin-bottom: 18.0pt;\" value=\"1\">Adresse IP<\/li>\n<li style=\"margin-bottom: 18.0pt;\" value=\"2\">Lieu<\/li>\n<li style=\"margin-bottom: 0.0pt;\" value=\"3\">Liens un utilisateur clique tout en utilisant le site<br><br><\/li>\n<\/ol>\n<\/div>\n<div>\n<p style=\"text-align: left;\"><strong>D<i style=\"\">onn\u00e9es recueillies de fa\u00e7on non automatique<\/i><\/strong><\/p>\n<p style=\"text-align: left;\">Nous pouvons \u00e9galement collecter les donn\u00e9es suivantes lorsque vous effectuez certaines fonctions sur notre site&nbsp;:<\/p>\n<ol class=\" list-style-type-lower-alpha\" style=\"list-style: lower-alpha;\" start=\"1\">\n<li style=\"margin-bottom: 18.0pt;\" value=\"1\">Pr\u00e9nom et nom<\/li>\n<li style=\"margin-bottom: 18.0pt;\" value=\"2\">Email<\/li>\n<li style=\"margin-bottom: 0.0pt;\" value=\"3\">Produit \u00e0 commander ou demande de renseignement<\/li>\n<\/ol>\n<p style=\"text-align: left;\">Ces donn\u00e9es peuvent \u00eatre recueillies au moyen des m\u00e9thodes suivantes&nbsp;:<\/p>\n<p style=\"text-align: left;\">Formulaire<\/p>\n<\/div>\n<p style=\"text-align: left;\">Veuillez noter que nous ne collectons que les donn\u00e9es qui nous aident \u00e0 atteindre l\u2019objectif \u00e9nonc\u00e9 dans cette politique de confidentialit\u00e9. Nous ne recueillerons pas de donn\u00e9es suppl\u00e9mentaires sans vous en informer au pr\u00e9alable.<\/p>\n<\/div>\n<\/div>\n<div>\n<h3 style=\"text-align: left;\"><strong><u>Comment nous utilisons les donn\u00e9es personnelles<\/u><\/strong><\/h3>\n<p>Les donn\u00e9es personnelles recueillies sur notre site seront utilis\u00e9es uniquement aux fins pr\u00e9cis\u00e9es dans la pr\u00e9sente politique ou indiqu\u00e9es sur les pages pertinentes de notre site. Nous n\u2019utiliserons pas vos donn\u00e9es au-del\u00e0 de ce que nous divulguerons.<\/p>\n<div>\n<p style=\"text-align: left;\">Les donn\u00e9es que nous recueillons automatiquement sont utilis\u00e9es aux fins suivantes&nbsp;:<\/p>\n<ol class=\" list-style-type-lower-alpha\" style=\"list-style: lower-alpha;\" start=\"1\">\n<li style=\"margin-bottom: 0.0pt;\" value=\"1\">Statistiques<\/li>\n<\/ol>\n<\/div>\n<div>\n<p style=\"text-align: left;\">Les donn\u00e9es que nous recueillons lorsque l\u2019utilisateur ex\u00e9cute certaines fonctions peuvent \u00eatre utilis\u00e9es aux fins suivantes&nbsp;:<\/p>\n<ol class=\" list-style-type-lower-alpha\" style=\"list-style: lower-alpha;\" start=\"1\">\n<li style=\"margin-bottom: 0.0pt;\" value=\"1\">Livraison<\/li>\n<\/ol>\n<\/div>\n<\/div>\n<div>\n<p style=\"text-align: left;\"><strong><u>Avec qui nous partageons les donn\u00e9es personnelles<\/u><\/strong><\/p>\n<div>\n<p style=\"text-align: left;\"><strong>Employ\u00e9s<\/strong><br>Nous pouvons divulguer \u00e0 tout membre de notre organisation les donn\u00e9es utilisateur dont il a raisonnablement besoin pour r\u00e9aliser les objectifs \u00e9nonc\u00e9s dans la pr\u00e9sente politique.<\/p>\n<\/div>\n<div>\n<p style=\"text-align: left;\"><strong>Tierces parties<\/strong><br>Nous pouvons partager les donn\u00e9es utilisateur avec les tiers suivants&nbsp;:<\/p>\n<p style=\"text-align: left;\">Nous pouvons partager les donn\u00e9es utilisateur avec des tiers aux fins suivantes&nbsp;:<\/p>\n<p style=\"text-align: left;\">Les tiers ne seront pas en mesure d\u2019acc\u00e9der aux donn\u00e9es des utilisateurs au-del\u00e0 de ce qui est raisonnablement n\u00e9cessaire pour atteindre l\u2019objectif donn\u00e9.<\/p>\n<\/div>\n<div>\n<p style=\"text-align: left;\"><strong>Autres divulgations<\/strong><br>Nous nous engageons \u00e0 ne pas vendre ou partager vos donn\u00e9es avec des tiers, sauf dans les cas suivants&nbsp;:<\/p>\n<ol class=\" list-style-type-lower-alpha\" style=\"list-style: lower-alpha;\" start=\"1\">\n<li style=\"margin-bottom: 18.0pt;\" value=\"1\">si la loi l&#8217;exige<\/li>\n<li style=\"margin-bottom: 18.0pt;\" value=\"2\">si elle est requise pour toute proc\u00e9dure judiciaire<\/li>\n<li style=\"margin-bottom: 18.0pt;\" value=\"3\">pour prouver ou prot\u00e9ger nos droits l\u00e9gaux<\/li>\n<li style=\"margin-bottom: 0.0pt;\" value=\"4\">\u00e0 des acheteurs ou des acheteurs potentiels de cette soci\u00e9t\u00e9 dans le cas o\u00f9 nous cherchons \u00e0 la vendre la soci\u00e9t\u00e9<\/li>\n<\/ol>\n<p style=\"text-align: left;\">Si vous suivez des hyperliens de notre site vers un autre site, veuillez noter que nous ne sommes pas responsables et n\u2019avons pas de contr\u00f4le sur leurs politiques et pratiques de confidentialit\u00e9.<\/p>\n<\/div>\n<\/div>\n<div>\n<h3 style=\"text-align: left;\"><strong><u>Combien de temps nous stockons les donn\u00e9es personnelles<\/u><\/strong><\/h3>\n<p>Nous ne conservons pas les donn\u00e9es des utilisateurs au-del\u00e0 de ce qui est n\u00e9cessaire pour atteindre les fins pour lesquelles elles sont recueillies.<\/p>\n<\/div>\n<div>\n<p style=\"text-align: left;\"><strong><u>Comment nous prot\u00e9geons vos donn\u00e9es personnelles<\/u><\/strong><\/p>\n<p>Afin d\u2019assurer la protection de votre s\u00e9curit\u00e9, nous utilisons le protocole de s\u00e9curit\u00e9 de la couche transport pour transmettre des renseignements personnels dans notre syst\u00e8me.<\/p>\n<p>Toutes les donn\u00e9es stock\u00e9es dans notre syst\u00e8me sont bien s\u00e9curis\u00e9es et ne sont accessibles qu\u2019\u00e0 nos employ\u00e9s. Nos employ\u00e9s sont li\u00e9s par des accords de confidentialit\u00e9 stricts et une violation de cet accord entra\u00eenerait le licenciement de l&#8217;employ\u00e9.<\/p>\n<p>Alors que nous prenons toutes les pr\u00e9cautions raisonnables pour nous assurer que nos donn\u00e9es d\u2019utilisateur sont s\u00e9curis\u00e9es et que les utilisateurs sont prot\u00e9g\u00e9s, il reste toujours du risque de pr\u00e9judice. L\u2019Internet en sa totalit\u00e9 peut \u00eatre, parfois, peu s\u00fbr et donc nous sommes incapables de garantir la s\u00e9curit\u00e9 des donn\u00e9es des utilisateurs au-del\u00e0 de ce qui est raisonnablement pratique.<\/p>\n<\/div>\n<div>\n<p style=\"text-align: left;\"><strong><u>Mineurs<\/u><\/strong><\/p>\n<p style=\"text-align: left;\">Le RGPD pr\u00e9cise que les personnes de moins de 15 ans sont consid\u00e9r\u00e9es comme des mineurs aux fins de la collecte de donn\u00e9es. Les mineurs doivent avoir le consentement d\u2019un repr\u00e9sentant l\u00e9gal pour que leurs donn\u00e9es soient recueillies, trait\u00e9es et utilis\u00e9es.<\/p>\n<\/div>\n<div>\n<p style=\"text-align: left;\"><strong><u>Vos droits en tant qu\u2019utilisateur<\/u><\/strong><\/p>\n<div>\n<p style=\"text-align: left;\">En vertu du RGPD, les utilisateurs ont les droits suivants en tant que personnes concern\u00e9es :<\/p>\n<ol class=\" list-style-type-lower-alpha\" style=\"list-style: lower-alpha;\" start=\"1\">\n<li style=\"margin-bottom: 18.0pt;\" value=\"1\">droit d\u2019acc\u00e8s<\/li>\n<li style=\"margin-bottom: 18.0pt;\" value=\"2\">droit de rectification<\/li>\n<li style=\"margin-bottom: 18.0pt;\" value=\"3\">droit \u00e0 l\u2019effacement<\/li>\n<li style=\"margin-bottom: 18.0pt;\" value=\"4\">droit de restreindre le traitement<\/li>\n<li style=\"margin-bottom: 18.0pt;\" value=\"5\">droit \u00e0 la portabilit\u00e9 des donn\u00e9es<\/li>\n<li style=\"margin-bottom: 0.0pt;\" value=\"6\">droit d&#8217;objection<\/li>\n<\/ol>\n<p style=\"text-align: left;\">Vous trouverez de plus amples informations sur ces droits au chapitre 3 (art 12-23) du RGPD.<\/p>\n<\/div>\n<\/div>\n<div>\n<p style=\"text-align: left;\"><strong><u>Comment modifier, supprimer ou contester les donn\u00e9es recueillies<\/u><\/strong><\/p>\n<p>Si vous souhaitez que vos renseignements soient supprim\u00e9s ou modifi\u00e9s d\u2019une fa\u00e7on ou d\u2019une autre, veuillez communiquer avec notre agent de protection de la vie priv\u00e9e ici :<\/p>\n<p style=\"text-align: left; margin-left: 20.0pt;\">Patrick Maeter<br>patrick.maeter@a6europe.com<\/p>\n<\/div>\n<div>\n<p style=\"text-align: left;\"><strong><u>Politique sur les cookies<\/u><\/strong><\/p>\n<p>Un cookie est un petit fichier, stock\u00e9 sur le disque dur d\u2019un utilisateur par le site Web. Son but est de recueillir des donn\u00e9es relatives aux habitudes de navigation de l\u2019utilisateur.<\/p>\n<p style=\"text-align: left;\">Nous utilisons les types de cookies suivants sur notre site&nbsp;:<\/p>\n<ol class=\" list-style-type-lower-alpha\" style=\"list-style: lower-alpha;\" start=\"1\">\n<li style=\"margin-bottom: 0.0pt;\" value=\"1\"><strong>Cookies fonctionnels<\/strong><br>Nous les utilisons pour m\u00e9moriser toutes les s\u00e9lections que vous faites sur notre site afin qu\u2019elles soient sauvegard\u00e9es pour vos prochaines visites.<\/li>\n<\/ol>\n<p style=\"text-align: left;\">Vous pouvez choisir d\u2019\u00eatre averti chaque fois qu\u2019un cookie est transmis. Vous pouvez \u00e9galement choisir de d\u00e9sactiver les cookies enti\u00e8rement dans votre navigateur Internet, mais cela peut diminuer la qualit\u00e9 de votre exp\u00e9rience d\u2019utilisation.<\/p>\n<\/div>\n<div>\n<h3 style=\"text-align: left;\"><strong><u>Cookies tiers<\/u><\/strong><\/h3>\n<p>Nous pouvons utiliser des cookies tiers sur notre site pour atteindre les objectifs suivants&nbsp;:<\/p>\n<ol start=\"1\">\n<li style=\"margin-bottom: 0.0pt;\" value=\"1\">Essentiel pour assurer une exp\u00e9rience d&#8217;utilisation personnalis\u00e9e<\/li>\n<\/ol>\n<\/div>\n<div>\n<h3 style=\"text-align: left;\"><strong><u>Modifications<\/u><\/strong><\/h3>\n<p style=\"text-align: left;\">Cette politique de confidentialit\u00e9 peut \u00eatre modifi\u00e9e \u00e0 l\u2019occasion afin de maintenir la conformit\u00e9 avec la loi et de tenir compte de tout changement \u00e0 notre processus de collecte de donn\u00e9es. Nous recommandons \u00e0 nos utilisateurs de v\u00e9rifier notre politique de temps \u00e0 autre pour s\u2019assurer qu\u2019ils soient inform\u00e9s de toute mise \u00e0 jour. Au besoin, nous pouvons informer les utilisateurs par courriel des changements apport\u00e9s \u00e0 cette politique.<\/p>\n<\/div>\n<div>\n<h3 style=\"text-align: left;\"><strong><u>Contact<\/u><\/strong><\/h3>\n<p style=\"text-align: left;\">Si vous avez des questions \u00e0 nous poser, n\u2019h\u00e9sitez pas \u00e0 communiquer avec nous en utilisant ce qui suit&nbsp;:<br>contact@ellingtonbags.com<\/p>\n<\/div>\n<p style=\"text-align: left;\"><em>Date d\u2019entr\u00e9e en vigueur&nbsp;: <\/em>le 1 d\u00e9cembre 2023<\/p>\n<\/div>\n<div class=\"LDCopyright\">\n<p>\u00a9 2002-2023, DocumentsL\u00e9gaux\u2122 (Sequiter Inc.)<\/p>\n<\/div>\n<\/div>\n<\/div>\n<p><\/p>\t\t\t\t\t\t\t\t<\/div>\n\t\t\t\t<\/div>\n\t\t\t\t\t<\/div>\n\t\t<\/div>\n\t\t\t\t\t<\/div>\n\t\t<\/section>\n\t\t\t\t<\/div>\n\t\t","protected":false},"excerpt":{"rendered":"","protected":false},"author":1,"featured_media":0,"parent":0,"menu_order":0,"comment_status":"closed","ping_status":"closed","template":"","meta":{"footnotes":""},"class_list":["post-2259","page","type-page","status-publish","hentry"],"acf":[],"yoast_head":"<!-- This site is optimized with the Yoast SEO plugin v24.0 - https:\/\/yoast.com\/wordpress\/plugins\/seo\/ -->\n<title>Privacy - C.ELLINGTON<\/title>\n<meta name=\"robots\" content=\"index, follow, max-snippet:-1, max-image-preview:large, max-video-preview:-1\" \/>\n<link rel=\"canonical\" href=\"https:\/\/ellingtonbag.com\/en\/privacy\/\" \/>\n<meta property=\"og:locale\" content=\"en_US\" \/>\n<meta property=\"og:type\" content=\"article\" \/>\n<meta property=\"og:title\" content=\"Privacy - C.ELLINGTON\" \/>\n<meta property=\"og:url\" content=\"https:\/\/ellingtonbag.com\/en\/privacy\/\" \/>\n<meta property=\"og:site_name\" content=\"C.ELLINGTON\" \/>\n<meta property=\"article:modified_time\" content=\"2023-12-10T19:13:25+00:00\" \/>\n<meta name=\"twitter:card\" content=\"summary_large_image\" \/>\n<script type=\"application\/ld+json\" class=\"yoast-schema-graph\">{\"@context\":\"https:\/\/schema.org\",\"@graph\":[{\"@type\":\"WebPage\",\"@id\":\"https:\/\/ellingtonbag.com\/en\/privacy\/\",\"url\":\"https:\/\/ellingtonbag.com\/en\/privacy\/\",\"name\":\"Privacy - C.ELLINGTON\",\"isPartOf\":{\"@id\":\"https:\/\/ellingtonbag.com\/#website\"},\"datePublished\":\"2023-11-28T21:26:59+00:00\",\"dateModified\":\"2023-12-10T19:13:25+00:00\",\"breadcrumb\":{\"@id\":\"https:\/\/ellingtonbag.com\/en\/privacy\/#breadcrumb\"},\"inLanguage\":\"en-US\",\"potentialAction\":[{\"@type\":\"ReadAction\",\"target\":[\"https:\/\/ellingtonbag.com\/en\/privacy\/\"]}]},{\"@type\":\"BreadcrumbList\",\"@id\":\"https:\/\/ellingtonbag.com\/en\/privacy\/#breadcrumb\",\"itemListElement\":[{\"@type\":\"ListItem\",\"position\":1,\"name\":\"Accueil\",\"item\":\"https:\/\/ellingtonbag.com\/en\/\"},{\"@type\":\"ListItem\",\"position\":2,\"name\":\"Privacy\"}]},{\"@type\":\"WebSite\",\"@id\":\"https:\/\/ellingtonbag.com\/#website\",\"url\":\"https:\/\/ellingtonbag.com\/\",\"name\":\"C.ELLINGTON\",\"description\":\"DES SACS DESIGN. contemporain, classique et \u00e9l\u00e9gant\",\"publisher\":{\"@id\":\"https:\/\/ellingtonbag.com\/#organization\"},\"potentialAction\":[{\"@type\":\"SearchAction\",\"target\":{\"@type\":\"EntryPoint\",\"urlTemplate\":\"https:\/\/ellingtonbag.com\/?s={search_term_string}\"},\"query-input\":{\"@type\":\"PropertyValueSpecification\",\"valueRequired\":true,\"valueName\":\"search_term_string\"}}],\"inLanguage\":\"en-US\"},{\"@type\":\"Organization\",\"@id\":\"https:\/\/ellingtonbag.com\/#organization\",\"name\":\"Claire ELLINGTON\",\"url\":\"https:\/\/ellingtonbag.com\/\",\"logo\":{\"@type\":\"ImageObject\",\"inLanguage\":\"en-US\",\"@id\":\"https:\/\/ellingtonbag.com\/#\/schema\/logo\/image\/\",\"url\":\"https:\/\/ellingtonbag.com\/wp-content\/uploads\/2020\/03\/Logo-white-1.png\",\"contentUrl\":\"https:\/\/ellingtonbag.com\/wp-content\/uploads\/2020\/03\/Logo-white-1.png\",\"width\":417,\"height\":49,\"caption\":\"Claire ELLINGTON\"},\"image\":{\"@id\":\"https:\/\/ellingtonbag.com\/#\/schema\/logo\/image\/\"}}]}<\/script>\n<!-- \/ Yoast SEO plugin. -->","yoast_head_json":{"title":"Privacy - C.ELLINGTON","robots":{"index":"index","follow":"follow","max-snippet":"max-snippet:-1","max-image-preview":"max-image-preview:large","max-video-preview":"max-video-preview:-1"},"canonical":"https:\/\/ellingtonbag.com\/en\/privacy\/","og_locale":"en_US","og_type":"article","og_title":"Privacy - C.ELLINGTON","og_url":"https:\/\/ellingtonbag.com\/en\/privacy\/","og_site_name":"C.ELLINGTON","article_modified_time":"2023-12-10T19:13:25+00:00","twitter_card":"summary_large_image","schema":{"@context":"https:\/\/schema.org","@graph":[{"@type":"WebPage","@id":"https:\/\/ellingtonbag.com\/en\/privacy\/","url":"https:\/\/ellingtonbag.com\/en\/privacy\/","name":"Privacy - C.ELLINGTON","isPartOf":{"@id":"https:\/\/ellingtonbag.com\/#website"},"datePublished":"2023-11-28T21:26:59+00:00","dateModified":"2023-12-10T19:13:25+00:00","breadcrumb":{"@id":"https:\/\/ellingtonbag.com\/en\/privacy\/#breadcrumb"},"inLanguage":"en-US","potentialAction":[{"@type":"ReadAction","target":["https:\/\/ellingtonbag.com\/en\/privacy\/"]}]},{"@type":"BreadcrumbList","@id":"https:\/\/ellingtonbag.com\/en\/privacy\/#breadcrumb","itemListElement":[{"@type":"ListItem","position":1,"name":"Accueil","item":"https:\/\/ellingtonbag.com\/en\/"},{"@type":"ListItem","position":2,"name":"Privacy"}]},{"@type":"WebSite","@id":"https:\/\/ellingtonbag.com\/#website","url":"https:\/\/ellingtonbag.com\/","name":"C.ELLINGTON","description":"DES SACS DESIGN. contemporain, classique et \u00e9l\u00e9gant","publisher":{"@id":"https:\/\/ellingtonbag.com\/#organization"},"potentialAction":[{"@type":"SearchAction","target":{"@type":"EntryPoint","urlTemplate":"https:\/\/ellingtonbag.com\/?s={search_term_string}"},"query-input":{"@type":"PropertyValueSpecification","valueRequired":true,"valueName":"search_term_string"}}],"inLanguage":"en-US"},{"@type":"Organization","@id":"https:\/\/ellingtonbag.com\/#organization","name":"Claire ELLINGTON","url":"https:\/\/ellingtonbag.com\/","logo":{"@type":"ImageObject","inLanguage":"en-US","@id":"https:\/\/ellingtonbag.com\/#\/schema\/logo\/image\/","url":"https:\/\/ellingtonbag.com\/wp-content\/uploads\/2020\/03\/Logo-white-1.png","contentUrl":"https:\/\/ellingtonbag.com\/wp-content\/uploads\/2020\/03\/Logo-white-1.png","width":417,"height":49,"caption":"Claire ELLINGTON"},"image":{"@id":"https:\/\/ellingtonbag.com\/#\/schema\/logo\/image\/"}}]}},"_links":{"self":[{"href":"https:\/\/ellingtonbag.com\/en\/wp-json\/wp\/v2\/pages\/2259","targetHints":{"allow":["GET"]}}],"collection":[{"href":"https:\/\/ellingtonbag.com\/en\/wp-json\/wp\/v2\/pages"}],"about":[{"href":"https:\/\/ellingtonbag.com\/en\/wp-json\/wp\/v2\/types\/page"}],"author":[{"embeddable":true,"href":"https:\/\/ellingtonbag.com\/en\/wp-json\/wp\/v2\/users\/1"}],"replies":[{"embeddable":true,"href":"https:\/\/ellingtonbag.com\/en\/wp-json\/wp\/v2\/comments?post=2259"}],"version-history":[{"count":1,"href":"https:\/\/ellingtonbag.com\/en\/wp-json\/wp\/v2\/pages\/2259\/revisions"}],"predecessor-version":[{"id":2260,"href":"https:\/\/ellingtonbag.com\/en\/wp-json\/wp\/v2\/pages\/2259\/revisions\/2260"}],"wp:attachment":[{"href":"https:\/\/ellingtonbag.com\/en\/wp-json\/wp\/v2\/media?parent=2259"}],"curies":[{"name":"wp","href":"https:\/\/api.w.org\/{rel}","templated":true}]}}